{"id":143,"date":"2023-05-23T07:05:44","date_gmt":"2023-05-23T07:05:44","guid":{"rendered":"https:\/\/new.safemotion.info\/?page_id=143"},"modified":"2023-05-23T07:08:52","modified_gmt":"2023-05-23T07:08:52","slug":"odcisk","status":"publish","type":"page","link":"https:\/\/james4work.com\/pl\/odcisk","title":{"rendered":"Dane identyfikacyjne"},"content":{"rendered":"<section class=\"bde-section-143-100 bde-section\">\n  \n  \n\t\n\n\n\n<div class=\"section-container\"><h1 class=\"bde-heading-143-101 bde-heading\">\nDane identyfikacyjne\n<\/h1><div class=\"bde-rich-text-143-102 bde-rich-text breakdance-rich-text-styles\">\n<p>Informacje zgodnie z \u00a7 5 (1) ustawy o handlu elektronicznym<br>Ujawnienie zgodnie z \u00a7\u00a7 24, 25 ustawy o mediach<\/p><p><em>W\u0142a\u015bciciel medi\u00f3w, wydawca i producent:<\/em><\/p><p><strong>ilogs healthcare GmbH<br>Korona miejsce 1 \/ Top 2<br>A-9020 Klagenfurt am W\u00f6rthersee<br>Austria<\/strong><\/p><p><em>Numer w rejestrze sp\u00f3\u0142ek<\/em>: 481242i<br><em>S\u0105d gospodarczy rejestrowy<\/em>S\u0105d Okr\u0119gowy w Klagenfurcie<br><em>Numer identyfikacji podatkowej sprzeda\u017cy<\/em>ATU72724778<br><em>Przynale\u017cno\u015b\u0107 do izby<\/em>Karyncka Izba Handlowa<br><em>Przedmiot dzia\u0142alno\u015bci sp\u00f3\u0142ki<\/em>Us\u0142ugi informatyczne<br><em>Dyrektor zarz\u0105dzaj\u0105cy<\/em>Dr Walter Liebhart.<\/p><h5><strong>Skontaktuj si\u0119 z nami<\/strong><\/h5><p>Telefon: &nbsp;<a href=\"tel:+43463504197\"><strong>+43 463 504 197<\/strong><\/a><br>E-mail:&nbsp;<a href=\"mailto:office@ilogs.care\"><strong>office@ilogs.care<\/strong><\/a><\/p>\n<\/div><\/div>\n<\/section>","protected":false},"excerpt":{"rendered":"<p>Imprint Informacje zgodnie z \u00a7 5 (1) E-Commerce ActDisclosure zgodnie z \u00a7\u00a7 24, 25 Media ActW\u0142a\u015bciciel medi\u00f3w, wydawca i producent:ilogs healthcare GmbHKrone Platz 1 \/ Top 2A-9020 Klagenfurt am W\u00f6rtherseeAustriaNumer rejestru firmy: 481242iS\u0105d rejestrowy firmy: S\u0105d Okr\u0119gowy KlagenfurtNumer identyfikacyjny VAT: ATU72724778Przynale\u017cno\u015b\u0107 do izby: Karyncka Izba GospodarczaPrzedmiot dzia\u0142alno\u015bci: Us\u0142ugi ITDyrektor zarz\u0105dzaj\u0105cy: Dr Walter Liebhart. Walter LiebhartKontaktTelefon: +43 463 504 197E-mail: office@ilogs.care<\/p>","protected":false},"author":1,"featured_media":0,"parent":0,"menu_order":0,"comment_status":"closed","ping_status":"closed","template":"","meta":{"_breakdance_hide_in_design_set":false,"_breakdance_tags":"","footnotes":""},"class_list":["post-143","page","type-page","status-publish","hentry"],"_links":{"self":[{"href":"https:\/\/james4work.com\/pl\/wp-json\/wp\/v2\/pages\/143","targetHints":{"allow":["GET"]}}],"collection":[{"href":"https:\/\/james4work.com\/pl\/wp-json\/wp\/v2\/pages"}],"about":[{"href":"https:\/\/james4work.com\/pl\/wp-json\/wp\/v2\/types\/page"}],"author":[{"embeddable":true,"href":"https:\/\/james4work.com\/pl\/wp-json\/wp\/v2\/users\/1"}],"replies":[{"embeddable":true,"href":"https:\/\/james4work.com\/pl\/wp-json\/wp\/v2\/comments?post=143"}],"version-history":[{"count":3,"href":"https:\/\/james4work.com\/pl\/wp-json\/wp\/v2\/pages\/143\/revisions"}],"predecessor-version":[{"id":147,"href":"https:\/\/james4work.com\/pl\/wp-json\/wp\/v2\/pages\/143\/revisions\/147"}],"wp:attachment":[{"href":"https:\/\/james4work.com\/pl\/wp-json\/wp\/v2\/media?parent=143"}],"curies":[{"name":"wp","href":"https:\/\/api.w.org\/{rel}","templated":true}]}}